{"id":2,"date":"2026-02-12T13:20:32","date_gmt":"2026-02-12T13:20:32","guid":{"rendered":"https:\/\/edilsonbarros.com.br\/?page_id=2"},"modified":"2026-02-12T17:08:24","modified_gmt":"2026-02-12T20:08:24","slug":"sample-page","status":"publish","type":"page","link":"https:\/\/edilsonbarros.com.br\/?page_id=2","title":{"rendered":"P\u00e1gina de exemplo"},"content":{"rendered":"\n<p>Esta \u00e9 uma p\u00e1gina de exemplo. Ela \u00e9 diferente de uma postagem de blog porque permanecer\u00e1 em um \u00fanico lugar e aparecer\u00e1 na navega\u00e7\u00e3o do seu site (na maioria dos temas). A maioria das pessoas come\u00e7a com uma p\u00e1gina &#8220;Sobre&#8221; que as apresenta aos visitantes em potencial do site. Ela pode dizer algo como:<\/p>\n\n\n\n<blockquote class=\"wp-block-quote is-layout-flow wp-block-quote-is-layout-flow\">\n<p>Ol\u00e1! Sou entregador de bicicleta durante o dia, aspirante a ator \u00e0 noite, e este \u00e9 o meu site. Moro em Los Angeles, tenho um cachorro incr\u00edvel chamado Jack e gosto de pi\u00f1a coladas. (E de ser pego na chuva.)<\/p>\n<\/blockquote>\n\n\n\n<p><br>&#8230;ou algo parecido com isto:<\/p>\n\n\n\n<blockquote class=\"wp-block-quote is-layout-flow wp-block-quote-is-layout-flow\">\n<p>A empresa XYZ Doohickey foi fundada em 1971 e, desde ent\u00e3o, fornece produtos de qualidade ao p\u00fablico. Localizada em Gotham City, a XYZ emprega mais de 2.000 pessoas e realiza diversas a\u00e7\u00f5es incr\u00edveis para a comunidade de Gotham.<\/p>\n<\/blockquote>\n\n\n\n<p><br>Como novo usu\u00e1rio do WordPress, voc\u00ea deve acessar seu painel para excluir esta p\u00e1gina e criar novas p\u00e1ginas para seu conte\u00fado. Divirta-se!<\/p>\n","protected":false},"excerpt":{"rendered":"<p>Esta \u00e9 uma p\u00e1gina de exemplo. Ela \u00e9 diferente de uma postagem de blog porque permanecer\u00e1 em um \u00fanico lugar e aparecer\u00e1 na navega\u00e7\u00e3o do seu site (na maioria dos temas). A maioria das pessoas come\u00e7a com uma p\u00e1gina &#8220;Sobre&#8221; que as apresenta aos visitantes em potencial do site. Ela pode dizer algo como: Ol\u00e1! [&hellip;]<\/p>\n","protected":false},"author":1,"featured_media":0,"parent":0,"menu_order":0,"comment_status":"closed","ping_status":"open","template":"","meta":{"footnotes":""},"class_list":["post-2","page","type-page","status-publish","hentry"],"_links":{"self":[{"href":"https:\/\/edilsonbarros.com.br\/index.php?rest_route=\/wp\/v2\/pages\/2","targetHints":{"allow":["GET"]}}],"collection":[{"href":"https:\/\/edilsonbarros.com.br\/index.php?rest_route=\/wp\/v2\/pages"}],"about":[{"href":"https:\/\/edilsonbarros.com.br\/index.php?rest_route=\/wp\/v2\/types\/page"}],"author":[{"embeddable":true,"href":"https:\/\/edilsonbarros.com.br\/index.php?rest_route=\/wp\/v2\/users\/1"}],"replies":[{"embeddable":true,"href":"https:\/\/edilsonbarros.com.br\/index.php?rest_route=%2Fwp%2Fv2%2Fcomments&post=2"}],"version-history":[{"count":2,"href":"https:\/\/edilsonbarros.com.br\/index.php?rest_route=\/wp\/v2\/pages\/2\/revisions"}],"predecessor-version":[{"id":11,"href":"https:\/\/edilsonbarros.com.br\/index.php?rest_route=\/wp\/v2\/pages\/2\/revisions\/11"}],"wp:attachment":[{"href":"https:\/\/edilsonbarros.com.br\/index.php?rest_route=%2Fwp%2Fv2%2Fmedia&parent=2"}],"curies":[{"name":"wp","href":"https:\/\/api.w.org\/{rel}","templated":true}]}}